{"id":3397,"date":"2025-07-23T14:11:41","date_gmt":"2025-07-23T14:11:41","guid":{"rendered":"https:\/\/cienapps-softwares.local\/?page_id=3397"},"modified":"2025-07-23T19:51:40","modified_gmt":"2025-07-23T19:51:40","slug":"notre-mission","status":"publish","type":"page","link":"https:\/\/cienapps.com\/fr\/notre-mission\/","title":{"rendered":"Notre mission"},"content":{"rendered":"<p>[et_pb_section fb_built=\u00a0\u00bb1&Prime; custom_padding_last_edited=\u00a0\u00bbon|phone\u00a0\u00bb admin_label=\u00a0\u00bbHeader\u00a0\u00bb _builder_version=\u00a0\u00bb4.27.4&Prime; _module_preset=\u00a0\u00bbdefault\u00a0\u00bb background_color=\u00a0\u00bbgcid-1b4a3854-7b44-49f6-922e-e1ac36476373&Prime; background_image=\u00a0\u00bbhttps:\/\/cienapps.com\/wp-content\/uploads\/2025\/06\/Online-banking-1c.png\u00a0\u00bb overflow-x=\u00a0\u00bbhidden\u00a0\u00bb overflow-y=\u00a0\u00bbhidden\u00a0\u00bb custom_padding=\u00a0\u00bb110px||110px||true|false\u00a0\u00bb custom_padding_tablet=\u00a0\u00bb||0px||false|false\u00a0\u00bb custom_padding_phone=\u00a0\u00bb0px||0px||false|false\u00a0\u00bb hover_enabled=\u00a0\u00bb0&Prime; collapsed=\u00a0\u00bbon\u00a0\u00bb global_colors_info=\u00a0\u00bb{%22gcid-1b4a3854-7b44-49f6-922e-e1ac36476373%22:%91%22background_color%22%93}\u00a0\u00bb sticky_enabled=\u00a0\u00bb0&Prime;][et_pb_row column_structure=\u00a0\u00bb3_5,2_5&Prime; _builder_version=\u00a0\u00bb4.27.4&Prime; _module_preset=\u00a0\u00bbdefault\u00a0\u00bb global_colors_info=\u00a0\u00bb{}\u00a0\u00bb][et_pb_column type=\u00a0\u00bb3_5&Prime; _builder_version=\u00a0\u00bb4.27.4&Prime; _module_preset=\u00a0\u00bbdefault\u00a0\u00bb global_colors_info=\u00a0\u00bb{}\u00a0\u00bb][et_pb_text _builder_version=\u00a0\u00bb4.27.4&Prime; _module_preset=\u00a0\u00bb_initial\u00a0\u00bb text_text_color=\u00a0\u00bb#E9EAEB\u00a0\u00bb header_4_font=\u00a0\u00bb&#8211;et_global_heading_font|600||on|||||\u00a0\u00bb header_4_text_color=\u00a0\u00bb#E9EAEB\u00a0\u00bb header_4_font_size=\u00a0\u00bb14px\u00a0\u00bb header_4_letter_spacing=\u00a0\u00bb0.7em\u00a0\u00bb header_4_line_height=\u00a0\u00bb1.4em\u00a0\u00bb custom_margin=\u00a0\u00bb||0px||false|false\u00a0\u00bb global_colors_info=\u00a0\u00bb{}\u00a0\u00bb]<\/p>\n<h4>Notre mission<\/h4>\n<p>[\/et_pb_text][et_pb_text _builder_version=\u00a0\u00bb4.27.4&Prime; _module_preset=\u00a0\u00bb_initial\u00a0\u00bb header_font=\u00a0\u00bb&#8211;et_global_heading_font|700|||||||\u00a0\u00bb header_text_color=\u00a0\u00bb#FFFFFF\u00a0\u00bb header_font_size=\u00a0\u00bb72px\u00a0\u00bb header_line_height=\u00a0\u00bb1.2em\u00a0\u00bb custom_margin=\u00a0\u00bb||10px||false|false\u00a0\u00bb header_font_size_tablet=\u00a0\u00bb40px\u00a0\u00bb header_font_size_phone=\u00a0\u00bb37px\u00a0\u00bb header_font_size_last_edited=\u00a0\u00bbon|desktop\u00a0\u00bb global_colors_info=\u00a0\u00bb{}\u00a0\u00bb]<\/p>\n<h1>Acc\u00e9l\u00e9rer l\u2019innovation dans l\u2019industrie du bois<\/h1>\n<p>[\/et_pb_text][\/et_pb_column][et_pb_column type=\u00a0\u00bb2_5&Prime; _builder_version=\u00a0\u00bb4.27.4&Prime; _module_preset=\u00a0\u00bbdefault\u00a0\u00bb global_colors_info=\u00a0\u00bb{}\u00a0\u00bb][\/et_pb_column][\/et_pb_row][\/et_pb_section][et_pb_section fb_built=\u00a0\u00bb1&Prime; _builder_version=\u00a0\u00bb4.27.4&Prime; _module_preset=\u00a0\u00bbdefault\u00a0\u00bb background_color=\u00a0\u00bb#E9EAEB\u00a0\u00bb hover_enabled=\u00a0\u00bb0&Prime; global_colors_info=\u00a0\u00bb{}\u00a0\u00bb custom_padding=\u00a0\u00bb37px||37px||true|false\u00a0\u00bb sticky_enabled=\u00a0\u00bb0&Prime;][et_pb_row _builder_version=\u00a0\u00bb4.27.4&Prime; _module_preset=\u00a0\u00bbdefault\u00a0\u00bb global_colors_info=\u00a0\u00bb{}\u00a0\u00bb custom_margin=\u00a0\u00bb48px|auto||auto||\u00a0\u00bb][et_pb_column type=\u00a0\u00bb4_4&Prime; _builder_version=\u00a0\u00bb4.27.4&Prime; _module_preset=\u00a0\u00bbdefault\u00a0\u00bb global_colors_info=\u00a0\u00bb{}\u00a0\u00bb][et_pb_heading title=\u00a0\u00bbD\u00e9couvrez les missions de nos produits\u00a0\u00bb _builder_version=\u00a0\u00bb4.27.4&Prime; _module_preset=\u00a0\u00bbdefault\u00a0\u00bb title_font=\u00a0\u00bb|700|||||||\u00a0\u00bb title_text_color=\u00a0\u00bb#172744&Prime; title_font_size=\u00a0\u00bb32px\u00a0\u00bb custom_margin=\u00a0\u00bb||-1px|||\u00a0\u00bb custom_padding=\u00a0\u00bb||9px|||\u00a0\u00bb hover_enabled=\u00a0\u00bb0&Prime; global_colors_info=\u00a0\u00bb{}\u00a0\u00bb sticky_enabled=\u00a0\u00bb0&Prime;][\/et_pb_heading][et_pb_divider color=\u00a0\u00bb#172744&Prime; divider_weight=\u00a0\u00bb2px\u00a0\u00bb _builder_version=\u00a0\u00bb4.27.4&Prime; _module_preset=\u00a0\u00bbdefault\u00a0\u00bb width=\u00a0\u00bb41%\u00a0\u00bb hover_enabled=\u00a0\u00bb0&Prime; global_colors_info=\u00a0\u00bb{}\u00a0\u00bb sticky_enabled=\u00a0\u00bb0&Prime; custom_margin=\u00a0\u00bb||-2px|||\u00a0\u00bb][\/et_pb_divider][et_pb_text _builder_version=\u00a0\u00bb4.27.4&Prime; _module_preset=\u00a0\u00bbdefault\u00a0\u00bb text_font_size=\u00a0\u00bb18px\u00a0\u00bb text_line_height=\u00a0\u00bb1.8em\u00a0\u00bb custom_padding=\u00a0\u00bb|170px|||false|false\u00a0\u00bb hover_enabled=\u00a0\u00bb0&Prime; global_colors_info=\u00a0\u00bb{}\u00a0\u00bb sticky_enabled=\u00a0\u00bb0&Prime;]<\/p>\n<p data-start=\"95\" data-end=\"274\" class=\"\"><em><strong>Chaque secteur de votre entreprise est confront\u00e9 \u00e0 des d\u00e9fis uniques<\/strong><\/em> de la gestion d&rsquo;op\u00e9rations complexes \u00e0 l&rsquo;\u00e9tablissement de partenariats puissants et \u00e0 la conception de produits remarquables. C&rsquo;est pourquoi notre suite logicielle est compos\u00e9e d&rsquo;outils sp\u00e9cialis\u00e9s,<em><strong> chacun ayant sa propre mission<\/strong><\/em>. <\/p>\n<p>[\/et_pb_text][\/et_pb_column][\/et_pb_row][\/et_pb_section][et_pb_section fb_built=\u00a0\u00bb1&Prime; _builder_version=\u00a0\u00bb4.27.4&Prime; _module_preset=\u00a0\u00bbdefault\u00a0\u00bb custom_margin=\u00a0\u00bb0px||0px||true|false\u00a0\u00bb custom_margin_tablet=\u00a0\u00bb39px||39px||true|false\u00a0\u00bb custom_margin_phone=\u00a0\u00bb39px||39px||true|false\u00a0\u00bb custom_margin_last_edited=\u00a0\u00bbon|desktop\u00a0\u00bb hover_enabled=\u00a0\u00bb0&Prime; global_colors_info=\u00a0\u00bb{}\u00a0\u00bb sticky_enabled=\u00a0\u00bb0&Prime; background_color=\u00a0\u00bb#E9EAEB\u00a0\u00bb custom_padding=\u00a0\u00bb0px||114px||false|false\u00a0\u00bb][et_pb_row column_structure=\u00a0\u00bb1_3,1_3,1_3&Prime; _builder_version=\u00a0\u00bb4.27.4&Prime; _module_preset=\u00a0\u00bbdefault\u00a0\u00bb global_colors_info=\u00a0\u00bb{}\u00a0\u00bb][et_pb_column type=\u00a0\u00bb1_3&Prime; _builder_version=\u00a0\u00bb4.27.4&Prime; _module_preset=\u00a0\u00bbdefault\u00a0\u00bb global_colors_info=\u00a0\u00bb{}\u00a0\u00bb][et_pb_image src=\u00a0\u00bbhttps:\/\/cienapps.com\/wp-content\/uploads\/2025\/07\/Logo-de-lentreprise-cienapps_cienapps-erp-vertical-scaled.png\u00a0\u00bb title_text=\u00a0\u00bbLogo de lentreprise cienapps_cienapps erp vertical\u00a0\u00bb url=\u00a0\u00bbhttps:\/\/erp.cienapps.com\u00a0\u00bb _builder_version=\u00a0\u00bb4.27.4&Prime; _module_preset=\u00a0\u00bbdefault\u00a0\u00bb width=\u00a0\u00bb50%\u00a0\u00bb module_alignment=\u00a0\u00bbleft\u00a0\u00bb global_colors_info=\u00a0\u00bb{}\u00a0\u00bb][\/et_pb_image][et_pb_heading title=\u00a0\u00bbUne croissance plus intelligente\u00a0\u00bb _builder_version=\u00a0\u00bb4.27.4&Prime; _module_preset=\u00a0\u00bbdefault\u00a0\u00bb title_font=\u00a0\u00bb&#8211;et_global_heading_font|700|||||||\u00a0\u00bb title_text_color=\u00a0\u00bbgcid-de9956a2-6f87-4eef-aa5a-6b4c9ecf1cc9&Prime; title_font_size=\u00a0\u00bb27px\u00a0\u00bb global_colors_info=\u00a0\u00bb{%22gcid-de9956a2-6f87-4eef-aa5a-6b4c9ecf1cc9%22:%91%22title_text_color%22%93}\u00a0\u00bb][\/et_pb_heading][et_pb_text _builder_version=\u00a0\u00bb4.27.4&Prime; _module_preset=\u00a0\u00bbdefault\u00a0\u00bb text_font_size=\u00a0\u00bb15px\u00a0\u00bb custom_padding=\u00a0\u00bb|0px|||false|false\u00a0\u00bb global_colors_info=\u00a0\u00bb{}\u00a0\u00bb]<\/p>\n<p data-start=\"95\" data-end=\"274\" class=\"\">Permettre aux fabricants d&rsquo;armoires de clarifier et de contr\u00f4ler des op\u00e9rations complexes. Nous vous aidons \u00e0 transformer le chaos de la production en flux de travail fluides et connect\u00e9s. <\/p>\n<p>[\/et_pb_text][\/et_pb_column][et_pb_column type=\u00a0\u00bb1_3&Prime; _builder_version=\u00a0\u00bb4.27.4&Prime; _module_preset=\u00a0\u00bbdefault\u00a0\u00bb global_colors_info=\u00a0\u00bb{}\u00a0\u00bb][et_pb_image src=\u00a0\u00bbhttps:\/\/cienapps.com\/wp-content\/uploads\/2025\/07\/Logo-de-lentreprise-cienapps_cieblink-vertical-scaled.png\u00a0\u00bb title_text=\u00a0\u00bbLogo de lentreprise cienapps_cieblink vertical\u00a0\u00bb url=\u00a0\u00bbhttps:\/\/cieblink.com\/fr\/\u00a0\u00bb _builder_version=\u00a0\u00bb4.27.4&Prime; _module_preset=\u00a0\u00bbdefault\u00a0\u00bb width=\u00a0\u00bb50%\u00a0\u00bb module_alignment=\u00a0\u00bbleft\u00a0\u00bb global_colors_info=\u00a0\u00bb{}\u00a0\u00bb][\/et_pb_image][et_pb_heading title=\u00a0\u00bbPlus forts ensemble\u00a0\u00bb _builder_version=\u00a0\u00bb4.27.4&Prime; _module_preset=\u00a0\u00bbdefault\u00a0\u00bb title_font=\u00a0\u00bb&#8211;et_global_heading_font|700|||||||\u00a0\u00bb title_text_color=\u00a0\u00bbgcid-de9956a2-6f87-4eef-aa5a-6b4c9ecf1cc9&Prime; title_font_size=\u00a0\u00bb27px\u00a0\u00bb global_colors_info=\u00a0\u00bb{%22gcid-de9956a2-6f87-4eef-aa5a-6b4c9ecf1cc9%22:%91%22title_text_color%22%93}\u00a0\u00bb][\/et_pb_heading][et_pb_text _builder_version=\u00a0\u00bb4.27.4&Prime; _module_preset=\u00a0\u00bbdefault\u00a0\u00bb text_font_size=\u00a0\u00bb15px\u00a0\u00bb custom_padding=\u00a0\u00bb|0px|||false|false\u00a0\u00bb global_colors_info=\u00a0\u00bb{}\u00a0\u00bb]<\/p>\n<p data-start=\"95\" data-end=\"274\" class=\"\">De grandes choses se produisent lorsque les bonnes personnes se mettent en relation. Nous vous aidons \u00e0 trouver les bons partenaires, les bons outils et les bonnes ressources pour d\u00e9velopper votre entreprise gr\u00e2ce \u00e0 la collaboration. <\/p>\n<p>[\/et_pb_text][\/et_pb_column][et_pb_column type=\u00a0\u00bb1_3&Prime; _builder_version=\u00a0\u00bb4.27.4&Prime; _module_preset=\u00a0\u00bbdefault\u00a0\u00bb global_colors_info=\u00a0\u00bb{}\u00a0\u00bb][et_pb_image src=\u00a0\u00bbhttps:\/\/cienapps.com\/wp-content\/uploads\/2025\/07\/Logo-de-lentreprise-cienapps_ciemetric-vertical-scaled.png\u00a0\u00bb title_text=\u00a0\u00bbLogo de lentreprise cienapps_ciemetric vertical\u00a0\u00bb url=\u00a0\u00bbhttps:\/\/ciemetric.com\/fr\/\u00a0\u00bb _builder_version=\u00a0\u00bb4.27.4&Prime; _module_preset=\u00a0\u00bbdefault\u00a0\u00bb width=\u00a0\u00bb50%\u00a0\u00bb module_alignment=\u00a0\u00bbleft\u00a0\u00bb global_colors_info=\u00a0\u00bb{}\u00a0\u00bb][\/et_pb_image][et_pb_heading title=\u00a0\u00bbLa conception sans limites\u00a0\u00bb _builder_version=\u00a0\u00bb4.27.4&Prime; _module_preset=\u00a0\u00bbdefault\u00a0\u00bb title_font=\u00a0\u00bb&#8211;et_global_heading_font|700|||||||\u00a0\u00bb title_text_color=\u00a0\u00bbgcid-de9956a2-6f87-4eef-aa5a-6b4c9ecf1cc9&Prime; title_font_size=\u00a0\u00bb27px\u00a0\u00bb global_colors_info=\u00a0\u00bb{%22gcid-de9956a2-6f87-4eef-aa5a-6b4c9ecf1cc9%22:%91%22title_text_color%22%93}\u00a0\u00bb][\/et_pb_heading][et_pb_text _builder_version=\u00a0\u00bb4.27.4&Prime; _module_preset=\u00a0\u00bbdefault\u00a0\u00bb text_font_size=\u00a0\u00bb15px\u00a0\u00bb custom_padding=\u00a0\u00bb|0px|||false|false\u00a0\u00bb global_colors_info=\u00a0\u00bb{}\u00a0\u00bb]<\/p>\n<p data-start=\"95\" data-end=\"274\" class=\"\"><span>Lib\u00e9rez votre cr\u00e9ativit\u00e9 gr\u00e2ce \u00e0 notre puissante plateforme de conception 3D, sans engagement ni frais. Donnez facilement vie \u00e0 vos id\u00e9es comme jamais auparavant. <\/span><\/p>\n<p>[\/et_pb_text][\/et_pb_column][\/et_pb_row][\/et_pb_section]<\/p>\n","protected":false},"excerpt":{"rendered":"<p>Notre missionAcc\u00e9l\u00e9rer l\u2019innovation dans l\u2019industrie du boisChaque secteur de votre entreprise est confront\u00e9 \u00e0 des d\u00e9fis uniques de la gestion d&rsquo;op\u00e9rations complexes \u00e0 l&rsquo;\u00e9tablissement de partenariats puissants et \u00e0 la conception de produits remarquables. C&rsquo;est pourquoi notre suite logicielle est compos\u00e9e d&rsquo;outils sp\u00e9cialis\u00e9s, chacun ayant sa propre mission. Permettre aux fabricants d&rsquo;armoires de clarifier et [&hellip;]<\/p>\n","protected":false},"author":13,"featured_media":0,"parent":0,"menu_order":0,"comment_status":"closed","ping_status":"closed","template":"","meta":{"_et_pb_use_builder":"on","_et_pb_old_content":"","_et_gb_content_width":"","inline_featured_image":false,"footnotes":""},"class_list":["post-3397","page","type-page","status-publish","hentry"],"aioseo_notices":[],"_links":{"self":[{"href":"https:\/\/cienapps.com\/fr\/wp-json\/wp\/v2\/pages\/3397","targetHints":{"allow":["GET"]}}],"collection":[{"href":"https:\/\/cienapps.com\/fr\/wp-json\/wp\/v2\/pages"}],"about":[{"href":"https:\/\/cienapps.com\/fr\/wp-json\/wp\/v2\/types\/page"}],"author":[{"embeddable":true,"href":"https:\/\/cienapps.com\/fr\/wp-json\/wp\/v2\/users\/13"}],"replies":[{"embeddable":true,"href":"https:\/\/cienapps.com\/fr\/wp-json\/wp\/v2\/comments?post=3397"}],"version-history":[{"count":0,"href":"https:\/\/cienapps.com\/fr\/wp-json\/wp\/v2\/pages\/3397\/revisions"}],"wp:attachment":[{"href":"https:\/\/cienapps.com\/fr\/wp-json\/wp\/v2\/media?parent=3397"}],"curies":[{"name":"wp","href":"https:\/\/api.w.org\/{rel}","templated":true}]}}