{"id":3087,"date":"2021-11-26T14:58:37","date_gmt":"2021-11-26T14:58:37","guid":{"rendered":"https:\/\/cienapps-softwares.local\/contactez-nous\/"},"modified":"2026-03-23T13:07:04","modified_gmt":"2026-03-23T13:07:04","slug":"contactez-nous","status":"publish","type":"page","link":"https:\/\/cienapps.com\/fr\/contactez-nous\/","title":{"rendered":"Contactez-nous"},"content":{"rendered":"<p>[et_pb_section fb_built=\u00a0\u00bb1&Prime; custom_padding_last_edited=\u00a0\u00bbon|phone\u00a0\u00bb module_id=\u00a0\u00bbcontact\u00a0\u00bb _builder_version=\u00a0\u00bb4.27.4&Prime; _module_preset=\u00a0\u00bbdefault\u00a0\u00bb background_color=\u00a0\u00bb#E9EAEB\u00a0\u00bb custom_padding=\u00a0\u00bb6.1%||||false|false\u00a0\u00bb custom_padding_tablet=\u00a0\u00bb10%||||false|false\u00a0\u00bb custom_padding_phone=\u00a0\u00bb14%||||false|false\u00a0\u00bb top_divider_height=\u00a0\u00bb54px\u00a0\u00bb top_divider_height_tablet=\u00a0\u00bb40px\u00a0\u00bb top_divider_height_phone=\u00a0\u00bb40px\u00a0\u00bb top_divider_height_last_edited=\u00a0\u00bbon|phone\u00a0\u00bb global_colors_info=\u00a0\u00bb{}\u00a0\u00bb][et_pb_row column_structure=\u00a0\u00bb1_2,1_2&Prime; _builder_version=\u00a0\u00bb4.27.4&Prime; _module_preset=\u00a0\u00bbdefault\u00a0\u00bb global_colors_info=\u00a0\u00bb{}\u00a0\u00bb][et_pb_column type=\u00a0\u00bb1_2&Prime; _builder_version=\u00a0\u00bb4.27.4&Prime; _module_preset=\u00a0\u00bbdefault\u00a0\u00bb global_colors_info=\u00a0\u00bb{}\u00a0\u00bb][et_pb_image src=\u00a0\u00bbhttps:\/\/cienapps.com\/wp-content\/uploads\/2025\/07\/Creation-sans-titre-4.jpg\u00a0\u00bb title_text=\u00a0\u00bbCr\u00e9ation-sans-titre-4&Prime; disabled_on=\u00a0\u00bbon|on|off\u00a0\u00bb _builder_version=\u00a0\u00bb4.27.4&Prime; _module_preset=\u00a0\u00bbdefault\u00a0\u00bb global_colors_info=\u00a0\u00bb{}\u00a0\u00bb][\/et_pb_image][\/et_pb_column][et_pb_column type=\u00a0\u00bb1_2&Prime; _builder_version=\u00a0\u00bb4.27.4&Prime; _module_preset=\u00a0\u00bbdefault\u00a0\u00bb global_colors_info=\u00a0\u00bb{}\u00a0\u00bb][et_pb_text _builder_version=\u00a0\u00bb4.27.4&Prime; _module_preset=\u00a0\u00bbdefault\u00a0\u00bb header_font=\u00a0\u00bb&#8211;et_global_heading_font|800|||||||\u00a0\u00bb header_text_color=\u00a0\u00bb#172744&Prime; header_font_size=\u00a0\u00bb46px\u00a0\u00bb header_line_height=\u00a0\u00bb1.3em\u00a0\u00bb global_colors_info=\u00a0\u00bb{}\u00a0\u00bb]<\/p>\n<h1 class=\"stk-block-heading__text\">Vous avez des questions ou \u00eates curieux de conna\u00eetre nos logiciels ?<\/h1>\n<p>[\/et_pb_text][et_pb_text _builder_version=\u00a0\u00bb4.27.4&Prime; _module_preset=\u00a0\u00bbdefault\u00a0\u00bb text_text_color=\u00a0\u00bb#05536C\u00a0\u00bb header_font=\u00a0\u00bb&#8211;et_global_heading_font|800|||||||\u00a0\u00bb header_text_color=\u00a0\u00bb#333333&Prime; header_font_size=\u00a0\u00bb46px\u00a0\u00bb header_line_height=\u00a0\u00bb1.3em\u00a0\u00bb header_2_font=\u00a0\u00bb||on||||||\u00a0\u00bb header_2_text_color=\u00a0\u00bb#172744&Prime; header_2_font_size=\u00a0\u00bb27px\u00a0\u00bb custom_margin=\u00a0\u00bb-21px||||false|false\u00a0\u00bb custom_padding=\u00a0\u00bb0px||0px||false|false\u00a0\u00bb global_colors_info=\u00a0\u00bb{}\u00a0\u00bb]<\/p>\n<h2 class=\"wp-block-heading\"><span class=\"stk-highlight\">Vous \u00eates au bon endroit.<\/span><\/h2>\n<p>[\/et_pb_text][et_pb_text _builder_version=\u00a0\u00bb4.27.4&Prime; _module_preset=\u00a0\u00bbdefault\u00a0\u00bb text_font_size=\u00a0\u00bb16px\u00a0\u00bb text_line_height=\u00a0\u00bb1.8em\u00a0\u00bb custom_padding=\u00a0\u00bb|0px||||\u00a0\u00bb global_colors_info=\u00a0\u00bb{}\u00a0\u00bb]<\/p>\n<div class=\"wp-block-stackable-text stk-block-text stk-block stk-867e765\" data-block-id=\"867e765\">\n<p class=\"stk-block-text__text\"><span class=\"stk-highlight\">Que vous soyez fabricant d&rsquo;armoires, concepteur ou fournisseur, notre \u00e9quipe est l\u00e0 pour vous aider \u00e0 rationaliser l&rsquo;ensemble de votre processus, de la conception \u00e0 la production.<\/span><span> <\/span><span class=\"stk-highlight\">Contactez-nous pour savoir comment nous pouvons vous aider.<\/span><\/p>\n<\/div>\n<p>[\/et_pb_text][\/et_pb_column][\/et_pb_row][et_pb_row column_structure=\u00a0\u00bb1_3,1_3,1_3&Prime; _builder_version=\u00a0\u00bb4.27.4&Prime; _module_preset=\u00a0\u00bbdefault\u00a0\u00bb global_colors_info=\u00a0\u00bb{}\u00a0\u00bb][et_pb_column type=\u00a0\u00bb1_3&Prime; _builder_version=\u00a0\u00bb4.27.4&Prime; _module_preset=\u00a0\u00bbdefault\u00a0\u00bb global_colors_info=\u00a0\u00bb{}\u00a0\u00bb][ba_icon_box icon=\u00a0\u00bb&#xf0e0;||fa||400&Prime; title=\u00a0\u00bbCourriel\u00a0\u00bb description=\u00a0\u00bbinfo@cienapps.com\u00a0\u00bb icon_color=\u00a0\u00bb#172744&Prime; icon_size=\u00a0\u00bb49px\u00a0\u00bb icon_width=\u00a0\u00bb60px\u00a0\u00bb icon_height=\u00a0\u00bb60px\u00a0\u00bb icon_spacing=\u00a0\u00bb15px\u00a0\u00bb _builder_version=\u00a0\u00bb4.27.4&Prime; _module_preset=\u00a0\u00bbdefault\u00a0\u00bb title_level=\u00a0\u00bbh2&Prime; title_font=\u00a0\u00bb|700|||||||\u00a0\u00bb title_font_size=\u00a0\u00bb1.5rem\u00a0\u00bb title_line_height=\u00a0\u00bb1.2em\u00a0\u00bb description_font_size=\u00a0\u00bb1rem\u00a0\u00bb description_line_height=\u00a0\u00bb1.4em\u00a0\u00bb background_color=\u00a0\u00bb#ffffff\u00a0\u00bb border_radii_box=\u00a0\u00bbon|9px|9px|9px|9px\u00a0\u00bb box_shadow_style_item=\u00a0\u00bbpreset1&Prime; box_shadow_color_item=\u00a0\u00bbrgba(0,0,0,0.1)\u00a0\u00bb global_colors_info=\u00a0\u00bb{}\u00a0\u00bb][\/ba_icon_box][\/et_pb_column][et_pb_column type=\u00a0\u00bb1_3&Prime; _builder_version=\u00a0\u00bb4.27.4&Prime; _module_preset=\u00a0\u00bbdefault\u00a0\u00bb global_colors_info=\u00a0\u00bb{}\u00a0\u00bb][ba_icon_box icon=\u00a0\u00bb&#xe090;||divi||400&Prime; title=\u00a0\u00bbT\u00e9l\u00e9phone\u00a0\u00bb description=\u00a0\u00bb450-323-1003&Prime; icon_color=\u00a0\u00bb#172744&Prime; icon_size=\u00a0\u00bb49px\u00a0\u00bb icon_width=\u00a0\u00bb60px\u00a0\u00bb icon_height=\u00a0\u00bb60px\u00a0\u00bb icon_spacing=\u00a0\u00bb15px\u00a0\u00bb _builder_version=\u00a0\u00bb4.27.4&Prime; _module_preset=\u00a0\u00bbdefault\u00a0\u00bb title_level=\u00a0\u00bbh2&Prime; title_font=\u00a0\u00bb|700|||||||\u00a0\u00bb title_font_size=\u00a0\u00bb1.5rem\u00a0\u00bb title_line_height=\u00a0\u00bb1.2em\u00a0\u00bb description_font_size=\u00a0\u00bb1rem\u00a0\u00bb description_line_height=\u00a0\u00bb1.4em\u00a0\u00bb background_color=\u00a0\u00bb#ffffff\u00a0\u00bb border_radii_box=\u00a0\u00bbon|9px|9px|9px|9px\u00a0\u00bb box_shadow_style_item=\u00a0\u00bbpreset1&Prime; box_shadow_color_item=\u00a0\u00bbrgba(0,0,0,0.1)\u00a0\u00bb global_colors_info=\u00a0\u00bb{}\u00a0\u00bb][\/ba_icon_box][\/et_pb_column][et_pb_column type=\u00a0\u00bb1_3&Prime; _builder_version=\u00a0\u00bb4.27.4&Prime; _module_preset=\u00a0\u00bbdefault\u00a0\u00bb global_colors_info=\u00a0\u00bb{}\u00a0\u00bb][ba_icon_box icon=\u00a0\u00bb&#xf1ad;||fa||900&Prime; title=\u00a0\u00bbNos heures d&rsquo;ouverture\u00a0\u00bb description=\u00a0\u00bbDu lundi au vendredi (9 h &#8211; 17 h)\u00a0\u00bb icon_color=\u00a0\u00bb#172744&Prime; icon_size=\u00a0\u00bb49px\u00a0\u00bb icon_width=\u00a0\u00bb60px\u00a0\u00bb icon_height=\u00a0\u00bb60px\u00a0\u00bb icon_spacing=\u00a0\u00bb15px\u00a0\u00bb title_spacing=\u00a0\u00bb9px\u00a0\u00bb _builder_version=\u00a0\u00bb4.27.4&Prime; _module_preset=\u00a0\u00bbdefault\u00a0\u00bb title_level=\u00a0\u00bbh2&Prime; title_font=\u00a0\u00bb|700|||||||\u00a0\u00bb title_font_size=\u00a0\u00bb1.5rem\u00a0\u00bb title_line_height=\u00a0\u00bb1.2em\u00a0\u00bb description_font_size=\u00a0\u00bb1rem\u00a0\u00bb description_line_height=\u00a0\u00bb1.4em\u00a0\u00bb background_color=\u00a0\u00bb#FFFFFF\u00a0\u00bb border_radii_box=\u00a0\u00bbon|9px|9px|9px|9px\u00a0\u00bb box_shadow_style_item=\u00a0\u00bbpreset1&Prime; box_shadow_color_item=\u00a0\u00bbrgba(0,0,0,0.1)\u00a0\u00bb global_colors_info=\u00a0\u00bb{}\u00a0\u00bb][\/ba_icon_box][\/et_pb_column][\/et_pb_row][et_pb_row column_structure=\u00a0\u00bb1_2,1_2&Prime; _builder_version=\u00a0\u00bb4.27.4&Prime; _module_preset=\u00a0\u00bbdefault\u00a0\u00bb global_colors_info=\u00a0\u00bb{}\u00a0\u00bb][et_pb_column type=\u00a0\u00bb1_2&Prime; _builder_version=\u00a0\u00bb4.17.4&Prime; _module_preset=\u00a0\u00bbdefault\u00a0\u00bb global_colors_info=\u00a0\u00bb{}\u00a0\u00bb][et_pb_toggle title=\u00a0\u00bbContactez notre \u00e9quipe de vente\u00a0\u00bb open_toggle_text_color=\u00a0\u00bb#333333&Prime; closed_toggle_text_color=\u00a0\u00bb#333333&Prime; _builder_version=\u00a0\u00bb4.27.4&Prime; _module_preset=\u00a0\u00bbdefault\u00a0\u00bb title_font=\u00a0\u00bb|700|||||||\u00a0\u00bb title_font_size=\u00a0\u00bb18px\u00a0\u00bb closed_title_font=\u00a0\u00bb|700|||||||\u00a0\u00bb closed_title_font_size=\u00a0\u00bb18px\u00a0\u00bb global_colors_info=\u00a0\u00bb{}\u00a0\u00bb]<\/p>\n<p><strong>K\u00e9vin Martin<\/strong>, conseiller en solutions pour Cienapps ERP et Cieblink CPQ<\/p>\n<ul>\n<li><a href=\"mailto:kmartin@cienapps.com\">kmartin@cienapps.com<\/a><\/li>\n<li><span>450 323-1003 x 211<\/span><\/li>\n<\/ul>\n<p><span><strong>Freya Hannah<\/strong>, responsable du d\u00e9veloppement commercial pour le r\u00e9seau Cieblink<\/span><\/p>\n<ul>\n<li><a href=\"mailto:fhannah@cienapps.com\">fhannah@cienapps.com<\/a><\/li>\n<li>514 918-4002<\/li>\n<\/ul>\n<ul><\/ul>\n<p>[\/et_pb_toggle][\/et_pb_column][et_pb_column type=\u00a0\u00bb1_2&Prime; _builder_version=\u00a0\u00bb4.17.4&Prime; _module_preset=\u00a0\u00bbdefault\u00a0\u00bb global_colors_info=\u00a0\u00bb{}\u00a0\u00bb][et_pb_button button_url=\u00a0\u00bbmailto:support@cienapps.com\u00a0\u00bb url_new_window=\u00a0\u00bbon\u00a0\u00bb button_text=\u00a0\u00bbContactez notre \u00e9quipe de support\u00a0\u00bb _builder_version=\u00a0\u00bb4.27.4&Prime; _module_preset=\u00a0\u00bbdefault\u00a0\u00bb custom_button=\u00a0\u00bbon\u00a0\u00bb button_text_size=\u00a0\u00bb18px\u00a0\u00bb button_text_color=\u00a0\u00bb#333333&Prime; button_bg_color=\u00a0\u00bb#f4f4f4&Prime; button_border_width=\u00a0\u00bb1px\u00a0\u00bb button_border_color=\u00a0\u00bb#d9d9d9&Prime; button_border_radius=\u00a0\u00bb1px\u00a0\u00bb button_font=\u00a0\u00bb&#8211;et_global_heading_font|700|||||||\u00a0\u00bb button_icon=\u00a0\u00bb&#xe03c;||divi||400&Prime; button_icon_color=\u00a0\u00bb#cccccc\u00a0\u00bb button_on_hover=\u00a0\u00bboff\u00a0\u00bb custom_padding=\u00a0\u00bb15px|45px|15px|25px|true|false\u00a0\u00bb hover_enabled=\u00a0\u00bb0&Prime; global_colors_info=\u00a0\u00bb{}\u00a0\u00bb sticky_enabled=\u00a0\u00bb0&Prime;][\/et_pb_button][\/et_pb_column][\/et_pb_row][\/et_pb_section][et_pb_section fb_built=\u00a0\u00bb1&Prime; _builder_version=\u00a0\u00bb4.27.4&Prime; _module_preset=\u00a0\u00bbdefault\u00a0\u00bb global_colors_info=\u00a0\u00bb{}\u00a0\u00bb][et_pb_row _builder_version=\u00a0\u00bb4.27.4&Prime; _module_preset=\u00a0\u00bbdefault\u00a0\u00bb global_colors_info=\u00a0\u00bb{}\u00a0\u00bb][et_pb_column type=\u00a0\u00bb4_4&Prime; _builder_version=\u00a0\u00bb4.27.4&Prime; _module_preset=\u00a0\u00bbdefault\u00a0\u00bb global_colors_info=\u00a0\u00bb{}\u00a0\u00bb][et_pb_text _builder_version=\u00a0\u00bb4.27.4&Prime; _module_preset=\u00a0\u00bbdefault\u00a0\u00bb header_3_font=\u00a0\u00bb&#8211;et_global_heading_font|700||on|||||\u00a0\u00bb header_3_text_align=\u00a0\u00bbcenter\u00a0\u00bb header_3_text_color=\u00a0\u00bb#172744&Prime; header_3_font_size=\u00a0\u00bb27px\u00a0\u00bb global_colors_info=\u00a0\u00bb{}\u00a0\u00bb]<\/p>\n<h3><span>We\u2019d Love to Hear From You<\/span><\/h3>\n<p>[\/et_pb_text][et_pb_code _builder_version=\u00a0\u00bb4.27.4&Prime; _module_preset=\u00a0\u00bbdefault\u00a0\u00bb module_alignment=\u00a0\u00bbleft\u00a0\u00bb global_colors_info=\u00a0\u00bb{}\u00a0\u00bb]<\/p>\n<div class=\"_form_61\"><\/div>\n<p><script src=\"https:\/\/cienapps.activehosted.com\/f\/embed.php?id=61\" charset=\"utf-8\"><\/script>[\/et_pb_code][\/et_pb_column][\/et_pb_row][\/et_pb_section][et_pb_section fb_built=\u00a0\u00bb1&Prime; _builder_version=\u00a0\u00bb4.27.4&Prime; _module_preset=\u00a0\u00bbdefault\u00a0\u00bb custom_padding=\u00a0\u00bb91px||122px|||\u00a0\u00bb border_width_top=\u00a0\u00bb3px\u00a0\u00bb border_color_top=\u00a0\u00bb#172744&Prime; global_colors_info=\u00a0\u00bb{}\u00a0\u00bb][et_pb_row _builder_version=\u00a0\u00bb4.27.4&Prime; _module_preset=\u00a0\u00bbdefault\u00a0\u00bb global_colors_info=\u00a0\u00bb{}\u00a0\u00bb][et_pb_column type=\u00a0\u00bb4_4&Prime; _builder_version=\u00a0\u00bb4.27.4&Prime; _module_preset=\u00a0\u00bbdefault\u00a0\u00bb global_colors_info=\u00a0\u00bb{}\u00a0\u00bb][et_pb_text _builder_version=\u00a0\u00bb4.27.4&Prime; _module_preset=\u00a0\u00bbdefault\u00a0\u00bb header_3_font=\u00a0\u00bb|700||on|||||\u00a0\u00bb header_3_text_color=\u00a0\u00bb#172744&Prime; header_3_font_size=\u00a0\u00bb27px\u00a0\u00bb global_colors_info=\u00a0\u00bb{}\u00a0\u00bb]<\/p>\n<h3><span>Nos bureaux<\/span><\/h3>\n<p>[\/et_pb_text][\/et_pb_column][\/et_pb_row][et_pb_row column_structure=\u00a0\u00bb1_2,1_2&Prime; _builder_version=\u00a0\u00bb4.27.4&Prime; _module_preset=\u00a0\u00bbdefault\u00a0\u00bb global_colors_info=\u00a0\u00bb{}\u00a0\u00bb][et_pb_column type=\u00a0\u00bb1_2&Prime; _builder_version=\u00a0\u00bb4.27.4&Prime; _module_preset=\u00a0\u00bbdefault\u00a0\u00bb global_colors_info=\u00a0\u00bb{}\u00a0\u00bb][ba_icon_box icon=\u00a0\u00bb&#xf674;||fa||900&Prime; title=\u00a0\u00bbCanada\u00a0\u00bb description=\u00a0\u00bb2697 boul. Cur\u00e9-Labelle, Pr\u00e9vost, J0R 1T0, Qu\u00e9bec,<br \/>\nCanada \u00a0\u00bb icon_color=\u00a0\u00bb#172744&Prime; icon_width=\u00a0\u00bb60px\u00a0\u00bb icon_height=\u00a0\u00bb60px\u00a0\u00bb icon_spacing=\u00a0\u00bb15px\u00a0\u00bb _builder_version=\u00a0\u00bb4.27.4&Prime; _module_preset=\u00a0\u00bbdefault\u00a0\u00bb title_level=\u00a0\u00bbh2&Prime; title_font=\u00a0\u00bb|700|||||||\u00a0\u00bb title_font_size=\u00a0\u00bb1.5rem\u00a0\u00bb title_line_height=\u00a0\u00bb1.2em\u00a0\u00bb description_font_size=\u00a0\u00bb1rem\u00a0\u00bb description_line_height=\u00a0\u00bb1.4em\u00a0\u00bb border_radii_box=\u00a0\u00bbon|9px|9px|9px|9px\u00a0\u00bb box_shadow_style_item=\u00a0\u00bbpreset1&Prime; box_shadow_color_item=\u00a0\u00bbrgba(0,0,0,0.1)\u00a0\u00bb global_colors_info=\u00a0\u00bb{}\u00a0\u00bb][\/ba_icon_box][\/et_pb_column][et_pb_column type=\u00a0\u00bb1_2&Prime; _builder_version=\u00a0\u00bb4.27.4&Prime; _module_preset=\u00a0\u00bbdefault\u00a0\u00bb global_colors_info=\u00a0\u00bb{}\u00a0\u00bb][ba_icon_box icon=\u00a0\u00bb&#xf674;||fa||900&Prime; title=\u00a0\u00bb\u00c9tats-Unis\u00a0\u00bb description=\u00a0\u00bb5072 Annunciation Cir, Ave Maria, FL, 34142, \u00c9tats-Unis\u00a0\u00bb icon_color=\u00a0\u00bb#172744&Prime; icon_width=\u00a0\u00bb60px\u00a0\u00bb icon_height=\u00a0\u00bb60px\u00a0\u00bb icon_spacing=\u00a0\u00bb15px\u00a0\u00bb _builder_version=\u00a0\u00bb4.27.4&Prime; _module_preset=\u00a0\u00bbdefault\u00a0\u00bb title_level=\u00a0\u00bbh2&Prime; title_font=\u00a0\u00bb|700|||||||\u00a0\u00bb title_font_size=\u00a0\u00bb1.5rem\u00a0\u00bb title_line_height=\u00a0\u00bb1.2em\u00a0\u00bb description_font_size=\u00a0\u00bb1rem\u00a0\u00bb description_line_height=\u00a0\u00bb1.4em\u00a0\u00bb border_radii_box=\u00a0\u00bbon|9px|9px|9px|9px\u00a0\u00bb box_shadow_style_item=\u00a0\u00bbpreset1&Prime; box_shadow_color_item=\u00a0\u00bbrgba(0,0,0,0.1)\u00a0\u00bb global_colors_info=\u00a0\u00bb{}\u00a0\u00bb][\/ba_icon_box][\/et_pb_column][\/et_pb_row][\/et_pb_section]<\/p>\n","protected":false},"excerpt":{"rendered":"<p>Vous avez des questions ou \u00eates curieux de conna\u00eetre nos logiciels ?Vous \u00eates au bon endroit. Que vous soyez fabricant d&rsquo;armoires, concepteur ou fournisseur, notre \u00e9quipe est l\u00e0 pour vous aider \u00e0 rationaliser l&rsquo;ensemble de votre processus, de la conception \u00e0 la production. Contactez-nous pour savoir comment nous pouvons vous aider. <div class=\"et_pb_module ba_icon_box ba_icon_box_0\">\n\t\t\t\t\n\t\t\t\t\n\t\t\t\t\n\t\t\t\t\n\t\t\t\t\n\t\t\t\t\n\t\t\t\t<div class=\"et_pb_module_inner\">\n\t\t\t\t\t<div class=\"dtq-module dtq-module-parent dtq-iconbox\">\n                 \n                <div class=\"dtq-iconbox-inner dtq-bg-support\">\n                      <h3 class=\"dtq-iconbox__title\">\u00bbCourriel<\/h3> <p class=\"dtq-iconbox__desc\">\u00bbinfo@cienapps.com<\/p>\n                <\/div>\n            <\/div>\n\t\t\t\t<\/div>\n\t\t\t<\/div><\/p>\n","protected":false},"author":12,"featured_media":0,"parent":0,"menu_order":0,"comment_status":"closed","ping_status":"closed","template":"","meta":{"_et_pb_use_builder":"on","_et_pb_old_content":"","_et_gb_content_width":"","inline_featured_image":false,"footnotes":""},"class_list":["post-3087","page","type-page","status-publish","hentry"],"aioseo_notices":[],"_links":{"self":[{"href":"https:\/\/cienapps.com\/fr\/wp-json\/wp\/v2\/pages\/3087","targetHints":{"allow":["GET"]}}],"collection":[{"href":"https:\/\/cienapps.com\/fr\/wp-json\/wp\/v2\/pages"}],"about":[{"href":"https:\/\/cienapps.com\/fr\/wp-json\/wp\/v2\/types\/page"}],"author":[{"embeddable":true,"href":"https:\/\/cienapps.com\/fr\/wp-json\/wp\/v2\/users\/12"}],"replies":[{"embeddable":true,"href":"https:\/\/cienapps.com\/fr\/wp-json\/wp\/v2\/comments?post=3087"}],"version-history":[{"count":0,"href":"https:\/\/cienapps.com\/fr\/wp-json\/wp\/v2\/pages\/3087\/revisions"}],"wp:attachment":[{"href":"https:\/\/cienapps.com\/fr\/wp-json\/wp\/v2\/media?parent=3087"}],"curies":[{"name":"wp","href":"https:\/\/api.w.org\/{rel}","templated":true}]}}